{"id":1391,"date":"2022-03-16T20:45:28","date_gmt":"2022-03-16T20:45:28","guid":{"rendered":"https:\/\/aiguamar-restaurante.com\/politique-de-confidentialite\/"},"modified":"2022-03-16T20:45:28","modified_gmt":"2022-03-16T20:45:28","slug":"politique-de-confidentialite","status":"publish","type":"page","link":"https:\/\/aiguamar-restaurante.com\/fr\/politique-de-confidentialite\/","title":{"rendered":"Politique de confidentialit\u00e9"},"content":{"rendered":"\t\t<div data-elementor-type=\"wp-page\" data-elementor-id=\"1391\" class=\"elementor elementor-1391 elementor-3\" data-elementor-post-type=\"page\">\n\t\t\t\t\t\t<section class=\"elementor-section elementor-top-section elementor-element elementor-element-95de81e elementor-section-height-min-height elementor-section-boxed elementor-section-height-default elementor-section-items-middle\" data-id=\"95de81e\" data-element_type=\"section\" data-e-type=\"section\" data-settings=\"{&quot;background_background&quot;:&quot;classic&quot;}\">\n\t\t\t\t\t\t\t<div class=\"elementor-background-overlay\"><\/div>\n\t\t\t\t\t\t\t<div class=\"elementor-container elementor-column-gap-default\">\n\t\t\t\t\t<div class=\"elementor-column elementor-col-100 elementor-top-column elementor-element elementor-element-66abe1f\" data-id=\"66abe1f\" data-element_type=\"column\" data-e-type=\"column\">\n\t\t\t<div class=\"elementor-widget-wrap elementor-element-populated\">\n\t\t\t\t\t\t<div class=\"elementor-element elementor-element-fdeb3fe elementor-widget elementor-widget-heading\" data-id=\"fdeb3fe\" data-element_type=\"widget\" data-e-type=\"widget\" data-widget_type=\"heading.default\">\n\t\t\t\t<div class=\"elementor-widget-container\">\n\t\t\t\t\t<h1 class=\"elementor-heading-title elementor-size-default\">Politique de confidentialit\u00e9<\/h1>\t\t\t\t<\/div>\n\t\t\t\t<\/div>\n\t\t\t\t\t<\/div>\n\t\t<\/div>\n\t\t\t\t\t<\/div>\n\t\t<\/section>\n\t\t\t\t<section class=\"elementor-section elementor-top-section elementor-element elementor-element-6adda10f elementor-section-boxed elementor-section-height-default elementor-section-height-default\" data-id=\"6adda10f\" data-element_type=\"section\" data-e-type=\"section\">\n\t\t\t\t\t\t<div class=\"elementor-container elementor-column-gap-default\">\n\t\t\t\t\t<div class=\"elementor-column elementor-col-100 elementor-top-column elementor-element elementor-element-5c7d94a2\" data-id=\"5c7d94a2\" data-element_type=\"column\" data-e-type=\"column\">\n\t\t\t<div class=\"elementor-widget-wrap elementor-element-populated\">\n\t\t\t\t\t\t<div class=\"elementor-element elementor-element-35d566ae elementor-widget elementor-widget-text-editor\" data-id=\"35d566ae\" data-element_type=\"widget\" data-e-type=\"widget\" data-widget_type=\"text-editor.default\">\n\t\t\t\t<div class=\"elementor-widget-container\">\n\t\t\t\t\t\t\t\t\t\n<p>Politique de confidentialit\u00e9 de Beachfood S.L., propri\u00e9taire de https:\/\/aiguamar-restaurante.com<\/p>\n\n<p><strong>1) Protection de la vie priv\u00e9e<\/strong><\/p>\n\n<p>La protection de la vie priv\u00e9e des visiteurs de https:\/\/aiguamar-restaurante.com est une t\u00e2che importante pour nous. Par cons\u00e9quent, dans notre politique de confidentialit\u00e9, nous d\u00e9crivons les informations que nous collectons et comment nous les utilisons.<\/p>\n\n<p><strong>2) Consentement<\/strong><\/p>\n\n<p>En utilisant les informations et les services de https:\/\/aiguamar-restaurante.com, vous acceptez notre politique de confidentialit\u00e9 et les termes et conditions que nous y avons inclus.<\/p>\n\n<p><strong>3) Questions<\/strong><\/p>\n\n<p>Si vous souhaitez recevoir plus d&rsquo;informations ou avez des questions sur la politique de confidentialit\u00e9 de Beachfood S.L. et, plus pr\u00e9cis\u00e9ment, \u00e0 propos de https:\/\/aiguamar-restaurante.com, contactez-nous par e-mail. Notre adresse e-mail est<span style=\"color: #000000;\"> <\/span><span style=\"color: #222b3c;\"><a style=\"color: #222b3c;\" href=\"mailto:info@aiguamar-restaurante.com\">info@aiguamar-restaurante.com<\/a>.<\/span><\/p>\n\n<p><strong>4) Suivi du comportement des visiteurs<\/strong><\/p>\n\n<p>https:\/\/aiguamar-restaurante.com utilise diverses techniques pour savoir qui visite le site, comment ce visiteur se comporte sur le site et quelles pages il visite. Il s&rsquo;agit d&rsquo;une m\u00e9thode de travail courante pour les sites Web, car elle fournit des informations qui contribuent \u00e0 la qualit\u00e9 de l&rsquo;exp\u00e9rience utilisateur. Les informations que nous enregistrons via les cookies incluent les adresses IP, le type de navigateur et les pages visit\u00e9es.<\/p>\n\n<p>Nous surveillons \u00e9galement o\u00f9 les visiteurs visitent le site Web pour la premi\u00e8re fois et \u00e0 partir de quelle page ils quittent le site Web. Nous gardons cette information anonyme et elle n&rsquo;est li\u00e9e \u00e0 aucune autre information personnelle.<\/p>\n\n<p><strong>5) Utilisation des cookies<\/strong><\/p>\n\n<p>https:\/\/aiguamar-restaurante.com place des cookies sur les visiteurs. Nous le faisons pour collecter des informations sur les pages que les utilisateurs visitent sur notre site Web, pour suivre la fr\u00e9quence \u00e0 laquelle les visiteurs reviennent et pour voir quelles pages fonctionnent bien sur le site Web. Nous gardons \u00e9galement une trace des informations partag\u00e9es par le navigateur.<\/p>\n\n<p><strong>6) D\u00e9sactivation des cookies<\/strong><\/p>\n\n<p>Vous pouvez choisir de d\u00e9sactiver les cookies. Pour cela, utilisez les options de votre navigateur. Vous pouvez trouver plus d&rsquo;informations sur ces possibilit\u00e9s sur le site Web de votre fournisseur de navigateur.<\/p>\n\n<p><strong>7) Cookies tiers<\/strong><\/p>\n\n<p>Des tiers, tels que Google, peuvent faire de la publicit\u00e9 sur notre site Web ou nous pouvons utiliser un autre service. Pour ce faire, ces tiers d\u00e9posent dans certains cas des cookies. Ces cookies ne peuvent \u00eatre influenc\u00e9s par https:\/\/aiguamar-restaurante.com.<\/p>\n\t\t\t\t\t\t\t\t<\/div>\n\t\t\t\t<\/div>\n\t\t\t\t\t<\/div>\n\t\t<\/div>\n\t\t\t\t\t<\/div>\n\t\t<\/section>\n\t\t\t\t<\/div>\n\t\t","protected":false},"excerpt":{"rendered":"<p>Politique de confidentialit\u00e9 Politique de confidentialit\u00e9 de Beachfood S.L., propri\u00e9taire de https:\/\/aiguamar-restaurante.com 1) Protection de la vie priv\u00e9e La protection de la vie priv\u00e9e des visiteurs de https:\/\/aiguamar-restaurante.com est une t\u00e2che importante pour nous. Par cons\u00e9quent, dans notre politique de confidentialit\u00e9, nous d\u00e9crivons les informations que nous collectons et comment nous les utilisons. 2) Consentement [&hellip;]<\/p>\n","protected":false},"author":2,"featured_media":0,"parent":0,"menu_order":0,"comment_status":"closed","ping_status":"closed","template":"elementor_header_footer","meta":{"footnotes":""},"class_list":["post-1391","page","type-page","status-publish","hentry"],"_links":{"self":[{"href":"https:\/\/aiguamar-restaurante.com\/fr\/wp-json\/wp\/v2\/pages\/1391","targetHints":{"allow":["GET"]}}],"collection":[{"href":"https:\/\/aiguamar-restaurante.com\/fr\/wp-json\/wp\/v2\/pages"}],"about":[{"href":"https:\/\/aiguamar-restaurante.com\/fr\/wp-json\/wp\/v2\/types\/page"}],"author":[{"embeddable":true,"href":"https:\/\/aiguamar-restaurante.com\/fr\/wp-json\/wp\/v2\/users\/2"}],"replies":[{"embeddable":true,"href":"https:\/\/aiguamar-restaurante.com\/fr\/wp-json\/wp\/v2\/comments?post=1391"}],"version-history":[{"count":0,"href":"https:\/\/aiguamar-restaurante.com\/fr\/wp-json\/wp\/v2\/pages\/1391\/revisions"}],"wp:attachment":[{"href":"https:\/\/aiguamar-restaurante.com\/fr\/wp-json\/wp\/v2\/media?parent=1391"}],"curies":[{"name":"wp","href":"https:\/\/api.w.org\/{rel}","templated":true}]}}