{"id":1393,"date":"2022-03-16T21:00:58","date_gmt":"2022-03-16T21:00:58","guid":{"rendered":"https:\/\/aiguamar-restaurante.com\/datenschutzerklaerung\/"},"modified":"2022-03-16T21:00:58","modified_gmt":"2022-03-16T21:00:58","slug":"datenschutzerklaerung","status":"publish","type":"page","link":"https:\/\/aiguamar-restaurante.com\/de\/datenschutzerklaerung\/","title":{"rendered":"Datenschutzerkl\u00e4rung"},"content":{"rendered":"\t\t<div data-elementor-type=\"wp-page\" data-elementor-id=\"1393\" class=\"elementor elementor-1393 elementor-3\" data-elementor-post-type=\"page\">\n\t\t\t\t\t\t<section class=\"elementor-section elementor-top-section elementor-element elementor-element-95de81e elementor-section-height-min-height elementor-section-boxed elementor-section-height-default elementor-section-items-middle\" data-id=\"95de81e\" data-element_type=\"section\" data-e-type=\"section\" data-settings=\"{&quot;background_background&quot;:&quot;classic&quot;}\">\n\t\t\t\t\t\t\t<div class=\"elementor-background-overlay\"><\/div>\n\t\t\t\t\t\t\t<div class=\"elementor-container elementor-column-gap-default\">\n\t\t\t\t\t<div class=\"elementor-column elementor-col-100 elementor-top-column elementor-element elementor-element-66abe1f\" data-id=\"66abe1f\" data-element_type=\"column\" data-e-type=\"column\">\n\t\t\t<div class=\"elementor-widget-wrap elementor-element-populated\">\n\t\t\t\t\t\t<div class=\"elementor-element elementor-element-fdeb3fe elementor-widget elementor-widget-heading\" data-id=\"fdeb3fe\" data-element_type=\"widget\" data-e-type=\"widget\" data-widget_type=\"heading.default\">\n\t\t\t\t<div class=\"elementor-widget-container\">\n\t\t\t\t\t<h1 class=\"elementor-heading-title elementor-size-default\">Datenschutzerkl\u00e4rung<\/h1>\t\t\t\t<\/div>\n\t\t\t\t<\/div>\n\t\t\t\t\t<\/div>\n\t\t<\/div>\n\t\t\t\t\t<\/div>\n\t\t<\/section>\n\t\t\t\t<section class=\"elementor-section elementor-top-section elementor-element elementor-element-6adda10f elementor-section-boxed elementor-section-height-default elementor-section-height-default\" data-id=\"6adda10f\" data-element_type=\"section\" data-e-type=\"section\">\n\t\t\t\t\t\t<div class=\"elementor-container elementor-column-gap-default\">\n\t\t\t\t\t<div class=\"elementor-column elementor-col-100 elementor-top-column elementor-element elementor-element-5c7d94a2\" data-id=\"5c7d94a2\" data-element_type=\"column\" data-e-type=\"column\">\n\t\t\t<div class=\"elementor-widget-wrap elementor-element-populated\">\n\t\t\t\t\t\t<div class=\"elementor-element elementor-element-35d566ae elementor-widget elementor-widget-text-editor\" data-id=\"35d566ae\" data-element_type=\"widget\" data-e-type=\"widget\" data-widget_type=\"text-editor.default\">\n\t\t\t\t<div class=\"elementor-widget-container\">\n\t\t\t\t\t\t\t\t\t\n<p>Datenschutzerkl\u00e4rung von Beachfood S.L., Eigent\u00fcmer von https:\/\/aiguamar-restaurante.com<\/p>\n\n<p><strong>1) Schutz der Privatsph\u00e4re<\/strong><\/p>\n\n<p>Der Schutz der Privatsph\u00e4re der Besucher von https:\/\/aiguamar-restaurante.com ist f\u00fcr uns eine wichtige Aufgabe. Daher beschreiben wir in unserer Datenschutzerkl\u00e4rung, welche Informationen wir sammeln und wie wir sie verwenden.<\/p>\n\n<p><strong>2) Zustimmung<\/strong><\/p>\n\n<p>Durch die Nutzung der Informationen und Dienste von https:\/\/aiguamar-restaurante.com akzeptieren Sie unsere Datenschutzrichtlinie und die darin enthaltenen Allgemeinen Gesch\u00e4ftsbedingungen.<\/p>\n\n<p><strong>3) Fragen<\/strong><\/p>\n\n<p>Wenn Sie weitere Informationen erhalten m\u00f6chten oder Fragen zur Datenschutzrichtlinie von Beachfood S.L. und insbesondere \u00fcber https:\/\/aiguamar-restaurante.com kontaktieren Sie uns per E-Mail. Unsere E-Mail-Adresse lautet<span style=\"color: #000000;\"> <\/span><span style=\"color: #222b3c;\"><a style=\"color: #222b3c;\" href=\"mailto:info@aiguamar-restaurante.com\">info@aiguamar-restaurante.com<\/a>.<\/span><\/p>\n\n<p><strong>4) Verfolgung des Besucherverhaltens<\/strong><\/p>\n\n<p>https:\/\/aiguamar-restaurante.com verwendet verschiedene Techniken, um zu verfolgen, wer die Website besucht, wie sich dieser Besucher auf der Website verh\u00e4lt und welche Seiten er besucht. Dies ist eine g\u00e4ngige Arbeitsweise f\u00fcr Websites, da sie Informationen liefert, die zur Qualit\u00e4t der Benutzererfahrung beitragen. Zu den Informationen, die wir \u00fcber Cookies aufzeichnen, geh\u00f6ren IP-Adressen, Browsertyp und besuchte Seiten.<\/p>\n\n<p>Wir \u00fcberwachen auch, wo Besucher die Website zum ersten Mal besuchen und von welcher Seite sie die Website verlassen. Wir halten diese Informationen anonym und sie werden nicht mit anderen pers\u00f6nlichen Informationen verkn\u00fcpft.<\/p>\n\n<p><strong>5) Verwendung von Cookies<\/strong><\/p>\n\n<p>https:\/\/aiguamar-restaurante.com platziert Cookies f\u00fcr Besucher. Wir tun dies, um Informationen \u00fcber die Seiten zu sammeln, die Benutzer auf unserer Website besuchen, um zu verfolgen, wie oft Besucher zur\u00fcckkehren, und um zu sehen, welche Seiten auf der Website gut funktionieren. Wir verfolgen auch die vom Browser weitergegebenen Informationen.<\/p>\n\n<p><strong>6) Deaktivierung von Cookies.<\/strong><\/p>\n\n<p>Sie k\u00f6nnen Cookies deaktivieren. Verwenden Sie dazu die Optionen Ihres Browsers. N\u00e4here Informationen zu diesen M\u00f6glichkeiten finden Sie auf der Website Ihres Browser-Anbieters.<\/p>\n\n<p><strong>7) Cookies von Drittanbietern<\/strong><\/p>\n\n<p>Dritte wie Google k\u00f6nnen auf unserer Website Werbung schalten oder wir k\u00f6nnen einen anderen Dienst nutzen. Zu diesem Zweck platzieren diese Drittanbieter in einigen F\u00e4llen Cookies. Diese Cookies k\u00f6nnen von https:\/\/aiguamar-restaurante.com nicht beeinflusst werden.<\/p>\n\t\t\t\t\t\t\t\t<\/div>\n\t\t\t\t<\/div>\n\t\t\t\t\t<\/div>\n\t\t<\/div>\n\t\t\t\t\t<\/div>\n\t\t<\/section>\n\t\t\t\t<\/div>\n\t\t","protected":false},"excerpt":{"rendered":"<p>Datenschutzerkl\u00e4rung Datenschutzerkl\u00e4rung von Beachfood S.L., Eigent\u00fcmer von https:\/\/aiguamar-restaurante.com 1) Schutz der Privatsph\u00e4re Der Schutz der Privatsph\u00e4re der Besucher von https:\/\/aiguamar-restaurante.com ist f\u00fcr uns eine wichtige Aufgabe. Daher beschreiben wir in unserer Datenschutzerkl\u00e4rung, welche Informationen wir sammeln und wie wir sie verwenden. 2) Zustimmung Durch die Nutzung der Informationen und Dienste von https:\/\/aiguamar-restaurante.com akzeptieren Sie unsere [&hellip;]<\/p>\n","protected":false},"author":2,"featured_media":0,"parent":0,"menu_order":0,"comment_status":"closed","ping_status":"closed","template":"elementor_header_footer","meta":{"footnotes":""},"class_list":["post-1393","page","type-page","status-publish","hentry"],"_links":{"self":[{"href":"https:\/\/aiguamar-restaurante.com\/de\/wp-json\/wp\/v2\/pages\/1393","targetHints":{"allow":["GET"]}}],"collection":[{"href":"https:\/\/aiguamar-restaurante.com\/de\/wp-json\/wp\/v2\/pages"}],"about":[{"href":"https:\/\/aiguamar-restaurante.com\/de\/wp-json\/wp\/v2\/types\/page"}],"author":[{"embeddable":true,"href":"https:\/\/aiguamar-restaurante.com\/de\/wp-json\/wp\/v2\/users\/2"}],"replies":[{"embeddable":true,"href":"https:\/\/aiguamar-restaurante.com\/de\/wp-json\/wp\/v2\/comments?post=1393"}],"version-history":[{"count":0,"href":"https:\/\/aiguamar-restaurante.com\/de\/wp-json\/wp\/v2\/pages\/1393\/revisions"}],"wp:attachment":[{"href":"https:\/\/aiguamar-restaurante.com\/de\/wp-json\/wp\/v2\/media?parent=1393"}],"curies":[{"name":"wp","href":"https:\/\/api.w.org\/{rel}","templated":true}]}}