{"id":1385,"date":"2022-03-16T20:18:11","date_gmt":"2022-03-16T20:18:11","guid":{"rendered":"https:\/\/aiguamar-restaurante.com\/politica-de-privacitat\/"},"modified":"2022-03-16T20:18:11","modified_gmt":"2022-03-16T20:18:11","slug":"politica-de-privacitat","status":"publish","type":"page","link":"https:\/\/aiguamar-restaurante.com\/ca\/politica-de-privacitat\/","title":{"rendered":"Pol\u00edtica de privacitat"},"content":{"rendered":"\t\t<div data-elementor-type=\"wp-page\" data-elementor-id=\"1385\" class=\"elementor elementor-1385 elementor-3\" data-elementor-post-type=\"page\">\n\t\t\t\t\t\t<section class=\"elementor-section elementor-top-section elementor-element elementor-element-95de81e elementor-section-height-min-height elementor-section-boxed elementor-section-height-default elementor-section-items-middle\" data-id=\"95de81e\" data-element_type=\"section\" data-e-type=\"section\" data-settings=\"{&quot;background_background&quot;:&quot;classic&quot;}\">\n\t\t\t\t\t\t\t<div class=\"elementor-background-overlay\"><\/div>\n\t\t\t\t\t\t\t<div class=\"elementor-container elementor-column-gap-default\">\n\t\t\t\t\t<div class=\"elementor-column elementor-col-100 elementor-top-column elementor-element elementor-element-66abe1f\" data-id=\"66abe1f\" data-element_type=\"column\" data-e-type=\"column\">\n\t\t\t<div class=\"elementor-widget-wrap elementor-element-populated\">\n\t\t\t\t\t\t<div class=\"elementor-element elementor-element-fdeb3fe elementor-widget elementor-widget-heading\" data-id=\"fdeb3fe\" data-element_type=\"widget\" data-e-type=\"widget\" data-widget_type=\"heading.default\">\n\t\t\t\t<div class=\"elementor-widget-container\">\n\t\t\t\t\t<h1 class=\"elementor-heading-title elementor-size-default\">Pol\u00edtica de privacitat<\/h1>\t\t\t\t<\/div>\n\t\t\t\t<\/div>\n\t\t\t\t\t<\/div>\n\t\t<\/div>\n\t\t\t\t\t<\/div>\n\t\t<\/section>\n\t\t\t\t<section class=\"elementor-section elementor-top-section elementor-element elementor-element-6adda10f elementor-section-boxed elementor-section-height-default elementor-section-height-default\" data-id=\"6adda10f\" data-element_type=\"section\" data-e-type=\"section\">\n\t\t\t\t\t\t<div class=\"elementor-container elementor-column-gap-default\">\n\t\t\t\t\t<div class=\"elementor-column elementor-col-100 elementor-top-column elementor-element elementor-element-5c7d94a2\" data-id=\"5c7d94a2\" data-element_type=\"column\" data-e-type=\"column\">\n\t\t\t<div class=\"elementor-widget-wrap elementor-element-populated\">\n\t\t\t\t\t\t<div class=\"elementor-element elementor-element-35d566ae elementor-widget elementor-widget-text-editor\" data-id=\"35d566ae\" data-element_type=\"widget\" data-e-type=\"widget\" data-widget_type=\"text-editor.default\">\n\t\t\t\t<div class=\"elementor-widget-container\">\n\t\t\t\t\t\t\t\t\t\n<p>Pol\u00edtica de privacitat de Beachfood S.L., propiet\u00e0ria d&#8217;https:\/\/aiguamar-restaurante.com<\/p>\n\n<p><strong>1) Salvaguarda de la privacitat<\/strong><\/p>\n\n<p>Salvaguardar la privacitat dels visitants de https:\/\/aiguamar-restaurante.com \u00e9s una tasca important per a nosaltres. Per aix\u00f2, a la nostra pol\u00edtica de privacitat descrivim quina informaci\u00f3 recollim i com la utilitzem.<\/p>\n\n<p><strong>2) Consentiment<\/strong><\/p>\n\n<p>En utilitzar la informaci\u00f3 i els serveis de https:\/\/aiguamar-restaurante.com, vost\u00e8 accepta la nostra pol\u00edtica de privacitat i els termes i condicions que hi hem incl\u00f2s.<\/p>\n\n<p><strong>3) Preguntes<\/strong><\/p>\n\n<p>Si voleu rebre m\u00e9s informaci\u00f3 o teniu preguntes sobre la pol\u00edtica de privacitat de Beachfood S.L. i, en concret, sobre https:\/\/aiguamar-restaurante.com, poseu-vos en contacte amb nosaltres per correu electr\u00f2nic. La nostra adre\u00e7a de correu electr\u00f2nic \u00e9s<span style=\"color: #000000;\"> <\/span><span style=\"color: #222b3c;\"><a style=\"color: #222b3c;\" href=\"mailto:info@aiguamar-restaurante.com\">info@aiguamar-restaurante.com<\/a>.<\/span><\/p>\n\n<p><strong>4) Seguiment del comportament dels visitants<\/strong><\/p>\n\n<p>https:\/\/aiguamar-restaurante.com utilitza diverses t\u00e8cniques per fer un seguiment de qui visita el lloc web, com es comporta aquest visitant al lloc web i quines p\u00e0gines visita. Aquesta \u00e9s una forma de treball com\u00fa per als llocs web perqu\u00e8 proporciona informaci\u00f3 que contribueix a la qualitat de lexperi\u00e8ncia de lusuari. La informaci\u00f3 que registrem a trav\u00e9s de les galetes inclou les adreces IP, el tipus de navegador i les p\u00e0gines visitades.<\/p>\n\n<p>Tamb\u00e9 controlem on visiten els visitants el lloc web per primera vegada i des de quina p\u00e0gina ho abandonen. Mantenim aquesta informaci\u00f3 an\u00f2nima i no est\u00e0 vinculada a cap altra informaci\u00f3 personal.<\/p>\n\n<p><strong>5) \u00das de cookies<\/strong><\/p>\n\n<p>https:\/\/aiguamar-restaurante.com col\u00b7loca cookies als visitants. Ho fem per recopilar informaci\u00f3 sobre les p\u00e0gines que els usuaris visiten al nostre lloc web, per fer un seguiment de la freq\u00fc\u00e8ncia amb qu\u00e8 els visitants tornen i per veure quines p\u00e0gines estan funcionant b\u00e9 al lloc web. Tamb\u00e9 fem un seguiment de la informaci\u00f3 que comparteix el navegador.<\/p>\n\n<p><strong>6) Desactivaci\u00f3 de les cookies<\/strong><\/p>\n\n<p>Podeu optar per desactivar les cookies. Per fer-ho, utilitzeu les opcions del vostre navegador. Podeu trobar m\u00e9s informaci\u00f3 sobre aquestes possibilitats al lloc web del prove\u00efdor del vostre navegador.<\/p>\n\n<p><strong>7) Cookies de tercers<\/strong><\/p>\n\n<p>\u00c9s possible que tercers, com Google, facin publicitat al nostre lloc web o que nosaltres utilitzem un altre servei. Per aix\u00f2, aquests tercers col\u00b7loquen cookies en alguns casos. Aquestes cookies no poden ser influenciades per https:\/\/aiguamar-restaurante.com.<\/p>\n\t\t\t\t\t\t\t\t<\/div>\n\t\t\t\t<\/div>\n\t\t\t\t\t<\/div>\n\t\t<\/div>\n\t\t\t\t\t<\/div>\n\t\t<\/section>\n\t\t\t\t<\/div>\n\t\t","protected":false},"excerpt":{"rendered":"<p>Pol\u00edtica de privacitat Pol\u00edtica de privacitat de Beachfood S.L., propiet\u00e0ria d&#8217;https:\/\/aiguamar-restaurante.com 1) Salvaguarda de la privacitat Salvaguardar la privacitat dels visitants de https:\/\/aiguamar-restaurante.com \u00e9s una tasca important per a nosaltres. Per aix\u00f2, a la nostra pol\u00edtica de privacitat descrivim quina informaci\u00f3 recollim i com la utilitzem. 2) Consentiment En utilitzar la informaci\u00f3 i els serveis [&hellip;]<\/p>\n","protected":false},"author":2,"featured_media":0,"parent":0,"menu_order":0,"comment_status":"closed","ping_status":"closed","template":"elementor_header_footer","meta":{"footnotes":""},"class_list":["post-1385","page","type-page","status-publish","hentry"],"_links":{"self":[{"href":"https:\/\/aiguamar-restaurante.com\/ca\/wp-json\/wp\/v2\/pages\/1385","targetHints":{"allow":["GET"]}}],"collection":[{"href":"https:\/\/aiguamar-restaurante.com\/ca\/wp-json\/wp\/v2\/pages"}],"about":[{"href":"https:\/\/aiguamar-restaurante.com\/ca\/wp-json\/wp\/v2\/types\/page"}],"author":[{"embeddable":true,"href":"https:\/\/aiguamar-restaurante.com\/ca\/wp-json\/wp\/v2\/users\/2"}],"replies":[{"embeddable":true,"href":"https:\/\/aiguamar-restaurante.com\/ca\/wp-json\/wp\/v2\/comments?post=1385"}],"version-history":[{"count":0,"href":"https:\/\/aiguamar-restaurante.com\/ca\/wp-json\/wp\/v2\/pages\/1385\/revisions"}],"wp:attachment":[{"href":"https:\/\/aiguamar-restaurante.com\/ca\/wp-json\/wp\/v2\/media?parent=1385"}],"curies":[{"name":"wp","href":"https:\/\/api.w.org\/{rel}","templated":true}]}}